{"id":874,"date":"2020-10-14T00:27:29","date_gmt":"2020-10-13T22:27:29","guid":{"rendered":"http:\/\/www.joanillo.org\/?page_id=874"},"modified":"2020-10-14T11:32:17","modified_gmt":"2020-10-14T09:32:17","slug":"cuanto-a","status":"publish","type":"page","link":"https:\/\/www.joanillo.org\/?page_id=874&lang=es","title":{"rendered":"About"},"content":{"rendered":"<p>Joan Quintana Compte (joanillo)<\/p>\n<ul>\n<li><a href=\"http:\/\/wiki.joanillo.org\" target=\"_blank\" rel=\"noopener noreferrer\">wiki.joanillo.org<\/a><\/li>\n<li><a href=\"http:\/\/arthropoda.joanillo.org\" target=\"_blank\" rel=\"noopener noreferrer\">Artr\u00f2podes<\/a><\/li>\n<li><a href=\"http:\/\/rutesgps.joanillo.org\" target=\"_blank\" rel=\"noopener noreferrer\">Rutes BTT<\/a><\/li>\n<li><a href=\"http:\/\/dolmens.joanillo.org\" target=\"_blank\" rel=\"noopener noreferrer\">Catalunya megal\u00edtica<\/a><\/li>\n<li><a href=\"http:\/\/romanic.joanillo.org\" target=\"_blank\" rel=\"noopener noreferrer\">Esgl\u00e9sies rom\u00e0niques<\/a><\/li>\n<li><a href=\"http:\/\/langtrainer.joanillo.org\" target=\"_blank\" rel=\"noopener noreferrer\">Langtrainer<\/a><\/li>\n<li><a href=\"http:\/\/wiki.joanillo.org\/index.php\/Curriculum_Vitae_Joan_Quintana_Compte\" target=\"_blank\" rel=\"noopener noreferrer\">CV<\/a><\/li>\n<\/ul>\n","protected":false},"excerpt":{"rendered":"<p>Joan Quintana Compte (joanillo) wiki.joanillo.org Artr\u00f2podes Rutes BTT Catalunya megal\u00edtica Esgl\u00e9sies rom\u00e0niques Langtrainer CV<\/p>\n","protected":false},"author":1,"featured_media":0,"parent":0,"menu_order":0,"comment_status":"closed","ping_status":"open","template":"","meta":[],"_links":{"self":[{"href":"https:\/\/www.joanillo.org\/index.php?rest_route=\/wp\/v2\/pages\/874"}],"collection":[{"href":"https:\/\/www.joanillo.org\/index.php?rest_route=\/wp\/v2\/pages"}],"about":[{"href":"https:\/\/www.joanillo.org\/index.php?rest_route=\/wp\/v2\/types\/page"}],"author":[{"embeddable":true,"href":"https:\/\/www.joanillo.org\/index.php?rest_route=\/wp\/v2\/users\/1"}],"replies":[{"embeddable":true,"href":"https:\/\/www.joanillo.org\/index.php?rest_route=%2Fwp%2Fv2%2Fcomments&post=874"}],"version-history":[{"count":3,"href":"https:\/\/www.joanillo.org\/index.php?rest_route=\/wp\/v2\/pages\/874\/revisions"}],"predecessor-version":[{"id":920,"href":"https:\/\/www.joanillo.org\/index.php?rest_route=\/wp\/v2\/pages\/874\/revisions\/920"}],"wp:attachment":[{"href":"https:\/\/www.joanillo.org\/index.php?rest_route=%2Fwp%2Fv2%2Fmedia&parent=874"}],"curies":[{"name":"wp","href":"https:\/\/api.w.org\/{rel}","templated":true}]}}